{"id":65,"date":"2021-02-25T17:12:46","date_gmt":"2021-02-25T17:12:46","guid":{"rendered":"http:\/\/ojahnu.me\/?page_id=65"},"modified":"2021-03-01T21:45:19","modified_gmt":"2021-03-01T21:45:19","slug":"audio-music","status":"publish","type":"page","link":"https:\/\/ojahnu.me\/?page_id=65","title":{"rendered":"Audio \/ Music"},"content":{"rendered":"\n<h2 class=\"wp-block-heading\">Audio projects<\/h2>\n\n\n\n<div class=\"wp-block-columns is-layout-flex wp-container-core-columns-is-layout-9d6595d7 wp-block-columns-is-layout-flex\">\n<div class=\"wp-block-column is-layout-flow wp-block-column-is-layout-flow\" style=\"flex-basis:100%\">\n<div class=\"wp-block-media-text alignwide is-stacked-on-mobile\" style=\"grid-template-columns:35% auto\"><figure class=\"wp-block-media-text__media\"><img loading=\"lazy\" decoding=\"async\" width=\"569\" height=\"853\" src=\"https:\/\/ojahnu.me\/wp-content\/uploads\/2021\/02\/etsinnassa_posteri.jpg\" alt=\"\" class=\"wp-image-66 size-full\" srcset=\"https:\/\/ojahnu.me\/wp-content\/uploads\/2021\/02\/etsinnassa_posteri.jpg 569w, https:\/\/ojahnu.me\/wp-content\/uploads\/2021\/02\/etsinnassa_posteri-200x300.jpg 200w\" sizes=\"auto, (max-width: 569px) 100vw, 569px\" \/><\/figure><div class=\"wp-block-media-text__content\">\n<p class=\"has-large-font-size\">Etsinn\u00e4ss\u00e4 (2016)<\/p>\n\n\n\n<ul class=\"wp-block-list\"><li>Boom operator<\/li><li><a href=\"https:\/\/www.imdb.com\/title\/tt3708792\/\" data-type=\"URL\" data-id=\"https:\/\/www.imdb.com\/title\/tt3708792\/\">https:\/\/www.imdb.com\/title\/tt3708792\/<\/a><\/li><\/ul>\n<\/div><\/div>\n<\/div>\n<\/div>\n\n\n\n<div class=\"wp-block-group\"><div class=\"wp-block-group__inner-container is-layout-flow wp-block-group-is-layout-flow\">\n<div class=\"wp-block-columns is-layout-flex wp-container-core-columns-is-layout-9d6595d7 wp-block-columns-is-layout-flex\">\n<div class=\"wp-block-column is-layout-flow wp-block-column-is-layout-flow\" style=\"flex-basis:100%\">\n<div class=\"wp-block-group\"><div class=\"wp-block-group__inner-container is-layout-flow wp-block-group-is-layout-flow\">\n<div class=\"wp-block-columns is-layout-flex wp-container-core-columns-is-layout-9d6595d7 wp-block-columns-is-layout-flex\">\n<div class=\"wp-block-column is-layout-flow wp-block-column-is-layout-flow\">\n<figure class=\"wp-block-embed is-type-video is-provider-youtube wp-block-embed-youtube wp-embed-aspect-16-9 wp-has-aspect-ratio\"><div class=\"wp-block-embed__wrapper\">\n<iframe loading=\"lazy\" title=\"Ovenkahva Production - Is\u00e4n sanat (Uneton48 - 2015)\" width=\"750\" height=\"422\" src=\"https:\/\/www.youtube.com\/embed\/BBeo7GSLJgw?feature=oembed\" frameborder=\"0\" allow=\"accelerometer; autoplay; clipboard-write; encrypted-media; gyroscope; picture-in-picture\" allowfullscreen><\/iframe>\n<\/div><figcaption>2014 Uneton48 entry<\/figcaption><\/figure>\n<\/div>\n\n\n\n<div class=\"wp-block-column is-layout-flow wp-block-column-is-layout-flow\">\n<h4 class=\"wp-block-heading\">Ovenkahva production<\/h4>\n\n\n\n<ul class=\"wp-block-list\"><li>Uneton48 competition<\/li><li>2014 &amp; 2015<\/li><li>Head of recording &amp; audio editing + mixing<\/li><\/ul>\n<\/div>\n<\/div>\n<\/div><\/div>\n<\/div>\n<\/div>\n<\/div><\/div>\n\n\n\n<div class=\"wp-block-columns is-layout-flex wp-container-core-columns-is-layout-9d6595d7 wp-block-columns-is-layout-flex\">\n<div class=\"wp-block-column is-layout-flow wp-block-column-is-layout-flow\" style=\"flex-basis:100%\">\n<div class=\"wp-block-group\"><div class=\"wp-block-group__inner-container is-layout-flow wp-block-group-is-layout-flow\">\n<div class=\"wp-block-group\"><div class=\"wp-block-group__inner-container is-layout-flow wp-block-group-is-layout-flow\">\n<div class=\"wp-block-columns is-layout-flex wp-container-core-columns-is-layout-9d6595d7 wp-block-columns-is-layout-flex\">\n<div class=\"wp-block-column is-layout-flow wp-block-column-is-layout-flow\" style=\"flex-basis:100%\">\n<div class=\"wp-block-group\"><div class=\"wp-block-group__inner-container is-layout-flow wp-block-group-is-layout-flow\">\n<h3 class=\"has-text-align-center wp-block-heading\">Taika productions<\/h3>\n<\/div><\/div>\n<\/div>\n<\/div>\n<\/div><\/div>\n<\/div><\/div>\n<\/div>\n<\/div>\n\n\n\n<div class=\"wp-block-columns is-layout-flex wp-container-core-columns-is-layout-9d6595d7 wp-block-columns-is-layout-flex\">\n<div class=\"wp-block-column is-layout-flow wp-block-column-is-layout-flow\">\n<figure class=\"wp-block-embed is-type-video is-provider-youtube wp-block-embed-youtube wp-embed-aspect-16-9 wp-has-aspect-ratio\"><div class=\"wp-block-embed__wrapper\">\n<iframe loading=\"lazy\" title=\"Volttien Ikeessa\" width=\"750\" height=\"422\" src=\"https:\/\/www.youtube.com\/embed\/lJsqiuNPFDg?feature=oembed\" frameborder=\"0\" allow=\"accelerometer; autoplay; clipboard-write; encrypted-media; gyroscope; picture-in-picture\" allowfullscreen><\/iframe>\n<\/div><figcaption>2012 Uneton48 entry<\/figcaption><\/figure>\n\n\n\n<div class=\"wp-block-group is-layout-flow wp-block-group-is-layout-flow\"><div class=\"wp-block-group__inner-container\"><\/div><\/div>\n<\/div>\n\n\n\n<div class=\"wp-block-column is-layout-flow wp-block-column-is-layout-flow\">\n<h4 class=\"wp-block-heading\">Uneton48<\/h4>\n\n\n\n<ul class=\"wp-block-list\"><li>2012 &amp; 2013<\/li><li>Boom operator &amp; audio mixing<\/li><\/ul>\n<\/div>\n<\/div>\n\n\n\n<div class=\"wp-block-group\"><div class=\"wp-block-group__inner-container is-layout-flow wp-block-group-is-layout-flow\">\n<div class=\"wp-block-group\"><div class=\"wp-block-group__inner-container is-layout-flow wp-block-group-is-layout-flow\">\n<div class=\"wp-block-group\"><div class=\"wp-block-group__inner-container is-layout-flow wp-block-group-is-layout-flow\">\n<div class=\"wp-block-columns is-layout-flex wp-container-core-columns-is-layout-9d6595d7 wp-block-columns-is-layout-flex\">\n<div class=\"wp-block-column is-layout-flow wp-block-column-is-layout-flow\" style=\"flex-basis:100%\">\n<div class=\"wp-block-group\"><div class=\"wp-block-group__inner-container is-layout-flow wp-block-group-is-layout-flow\">\n<div class=\"wp-block-columns is-layout-flex wp-container-core-columns-is-layout-9d6595d7 wp-block-columns-is-layout-flex\">\n<div class=\"wp-block-column is-layout-flow wp-block-column-is-layout-flow\">\n<figure class=\"wp-block-embed is-type-video is-provider-youtube wp-block-embed-youtube wp-embed-aspect-16-9 wp-has-aspect-ratio\"><div class=\"wp-block-embed__wrapper\">\n<iframe loading=\"lazy\" title=\"Surmansilmukka\" width=\"750\" height=\"422\" src=\"https:\/\/www.youtube.com\/embed\/BEfRIQ5pPZc?feature=oembed\" frameborder=\"0\" allow=\"accelerometer; autoplay; clipboard-write; encrypted-media; gyroscope; picture-in-picture\" allowfullscreen><\/iframe>\n<\/div><\/figure>\n<\/div>\n\n\n\n<div class=\"wp-block-column is-layout-flow wp-block-column-is-layout-flow\">\n<h4 class=\"wp-block-heading\">Other<\/h4>\n\n\n\n<ul class=\"wp-block-list\"><li>Fillarifilmi (2013)<\/li><li>Audio editing &amp; color grading<\/li><\/ul>\n\n\n\n<p><\/p>\n<\/div>\n<\/div>\n<\/div><\/div>\n<\/div>\n<\/div>\n<\/div><\/div>\n<\/div><\/div>\n<\/div><\/div>\n\n\n\n<hr class=\"wp-block-separator\"\/>\n\n\n\n<h2 class=\"wp-block-heading\">Music projects<\/h2>\n\n\n\n<div class=\"wp-block-group\"><div class=\"wp-block-group__inner-container is-layout-flow wp-block-group-is-layout-flow\">\n<h3 class=\"has-text-align-center wp-block-heading\">Breakfast &amp; redwine &#8211; band<\/h3>\n<\/div><\/div>\n\n\n\n<h4 class=\"has-text-align-center wp-block-heading\">Tenor Saxophone<\/h4>\n\n\n\n<figure class=\"wp-block-image size-large\"><img loading=\"lazy\" decoding=\"async\" width=\"960\" height=\"681\" src=\"https:\/\/ojahnu.me\/wp-content\/uploads\/2021\/02\/1798816_473591522769224_1853396431_n.jpg\" alt=\"\" class=\"wp-image-70\" srcset=\"https:\/\/ojahnu.me\/wp-content\/uploads\/2021\/02\/1798816_473591522769224_1853396431_n.jpg 960w, https:\/\/ojahnu.me\/wp-content\/uploads\/2021\/02\/1798816_473591522769224_1853396431_n-300x213.jpg 300w, https:\/\/ojahnu.me\/wp-content\/uploads\/2021\/02\/1798816_473591522769224_1853396431_n-768x545.jpg 768w\" sizes=\"auto, (max-width: 960px) 100vw, 960px\" \/><figcaption>Breakfast &amp; redwine &#8211; ep cover<\/figcaption><\/figure>\n\n\n\n<div class=\"wp-block-columns is-layout-flex wp-container-core-columns-is-layout-9d6595d7 wp-block-columns-is-layout-flex\">\n<div class=\"wp-block-column is-layout-flow wp-block-column-is-layout-flow\">\n<p class=\"has-text-align-center\">Pop jazz r&amp;b fusio project from the high school music projects 2013-2015<\/p>\n<\/div>\n<\/div>\n\n\n\n<div class=\"wp-block-columns is-layout-flex wp-container-core-columns-is-layout-9d6595d7 wp-block-columns-is-layout-flex\">\n<div class=\"wp-block-column is-layout-flow wp-block-column-is-layout-flow\">\n<h3 class=\"wp-block-heading\">Frendzone &#8211; EP<\/h3>\n\n\n\n<ul class=\"wp-block-list\"><li>2014<\/li><li>3 original songs &#8211; all members involved in creation<\/li><\/ul>\n<\/div>\n\n\n\n<div class=\"wp-block-column is-layout-flow wp-block-column-is-layout-flow\">\n<figure class=\"wp-block-embed is-type-rich is-provider-soundcloud wp-block-embed-soundcloud wp-embed-aspect-4-3 wp-has-aspect-ratio\"><div class=\"wp-block-embed__wrapper\">\n<iframe loading=\"lazy\" title=\"Friendzone by Breakfast &amp; Red Wine\" width=\"750\" height=\"400\" scrolling=\"no\" frameborder=\"no\" src=\"https:\/\/w.soundcloud.com\/player\/?visual=true&#038;url=https%3A%2F%2Fapi.soundcloud.com%2Ftracks%2F138216038&#038;show_artwork=true&#038;maxwidth=750&#038;maxheight=1000&#038;dnt=1\"><\/iframe>\n<\/div><\/figure>\n<\/div>\n<\/div>\n\n\n\n<div class=\"wp-block-columns is-layout-flex wp-container-core-columns-is-layout-9d6595d7 wp-block-columns-is-layout-flex\">\n<div class=\"wp-block-column is-layout-flow wp-block-column-is-layout-flow\">\n<figure class=\"wp-block-image size-large\"><img loading=\"lazy\" decoding=\"async\" width=\"1024\" height=\"682\" src=\"https:\/\/ojahnu.me\/wp-content\/uploads\/2021\/02\/1048000_474925465969163_1672162222_o-1024x682.jpg\" alt=\"\" class=\"wp-image-71\" srcset=\"https:\/\/ojahnu.me\/wp-content\/uploads\/2021\/02\/1048000_474925465969163_1672162222_o-1024x682.jpg 1024w, https:\/\/ojahnu.me\/wp-content\/uploads\/2021\/02\/1048000_474925465969163_1672162222_o-300x200.jpg 300w, https:\/\/ojahnu.me\/wp-content\/uploads\/2021\/02\/1048000_474925465969163_1672162222_o-768x511.jpg 768w, https:\/\/ojahnu.me\/wp-content\/uploads\/2021\/02\/1048000_474925465969163_1672162222_o-1536x1022.jpg 1536w, https:\/\/ojahnu.me\/wp-content\/uploads\/2021\/02\/1048000_474925465969163_1672162222_o-1568x1044.jpg 1568w, https:\/\/ojahnu.me\/wp-content\/uploads\/2021\/02\/1048000_474925465969163_1672162222_o.jpg 2048w\" sizes=\"auto, (max-width: 1024px) 100vw, 1024px\" \/><\/figure>\n<\/div>\n\n\n\n<div class=\"wp-block-column is-layout-flow wp-block-column-is-layout-flow\">\n<h4 class=\"wp-block-heading\">Emergenza sound festival 2014<\/h4>\n\n\n\n<p>The band reached the finals after three different quality rounds<\/p>\n<\/div>\n<\/div>\n\n\n\n<p>           <\/p>\n\n\n\n<h3 class=\"has-text-align-center wp-block-heading\">Orchestras <\/h3>\n\n\n\n<p class=\"has-text-align-center\">Tenor Saxophone<\/p>\n\n\n\n<div class=\"wp-block-columns is-layout-flex wp-container-core-columns-is-layout-9d6595d7 wp-block-columns-is-layout-flex\">\n<div class=\"wp-block-column is-layout-flow wp-block-column-is-layout-flow\"><\/div>\n\n\n\n<div class=\"wp-block-column is-layout-flow wp-block-column-is-layout-flow\">\n<ul class=\"wp-block-list\"><li>2016-2017 Jyv\u00e4skyl\u00e4 wind orchestra<\/li><li>2011-2015 Hyvink\u00e4\u00e4nkyl\u00e4 wind orchestra<\/li><li>2009 Lillian Osborne High School Jazz bigband <\/li><\/ul>\n<\/div>\n<\/div>\n\n\n\n<p>       <\/p>\n\n\n\n<h3 class=\"has-text-align-center wp-block-heading\">High School Music diploma<\/h3>\n\n\n\n<p class=\"has-text-align-center\">Music diploma was part of the high school studies. Part of the diploma included 10 courses of music studies, multiple gigs on school events and diploma concert<\/p>\n\n\n\n<p><\/p>\n","protected":false},"excerpt":{"rendered":"<p>Audio projects Etsinn\u00e4ss\u00e4 (2016) Boom operator https:\/\/www.imdb.com\/title\/tt3708792\/ Ovenkahva production Uneton48 competition 2014 &amp; 2015 Head of recording &amp; audio editing + mixing Taika productions Uneton48 2012 &amp; 2013 Boom operator &amp; audio mixing Other Fillarifilmi (2013) Audio editing &amp; color grading Music projects Breakfast &amp; redwine &#8211; band Tenor Saxophone Pop jazz r&amp;b fusio project&hellip; <a class=\"more-link\" href=\"https:\/\/ojahnu.me\/?page_id=65\">Continue reading <span class=\"screen-reader-text\">Audio \/ Music<\/span><\/a><\/p>\n","protected":false},"author":1,"featured_media":0,"parent":0,"menu_order":0,"comment_status":"closed","ping_status":"closed","template":"","meta":{"footnotes":""},"class_list":["post-65","page","type-page","status-publish","hentry","entry"],"_links":{"self":[{"href":"https:\/\/ojahnu.me\/index.php?rest_route=\/wp\/v2\/pages\/65","targetHints":{"allow":["GET"]}}],"collection":[{"href":"https:\/\/ojahnu.me\/index.php?rest_route=\/wp\/v2\/pages"}],"about":[{"href":"https:\/\/ojahnu.me\/index.php?rest_route=\/wp\/v2\/types\/page"}],"author":[{"embeddable":true,"href":"https:\/\/ojahnu.me\/index.php?rest_route=\/wp\/v2\/users\/1"}],"replies":[{"embeddable":true,"href":"https:\/\/ojahnu.me\/index.php?rest_route=%2Fwp%2Fv2%2Fcomments&post=65"}],"version-history":[{"count":8,"href":"https:\/\/ojahnu.me\/index.php?rest_route=\/wp\/v2\/pages\/65\/revisions"}],"predecessor-version":[{"id":181,"href":"https:\/\/ojahnu.me\/index.php?rest_route=\/wp\/v2\/pages\/65\/revisions\/181"}],"wp:attachment":[{"href":"https:\/\/ojahnu.me\/index.php?rest_route=%2Fwp%2Fv2%2Fmedia&parent=65"}],"curies":[{"name":"wp","href":"https:\/\/api.w.org\/{rel}","templated":true}]}}